{"id":24,"date":"2020-01-13T06:45:09","date_gmt":"2020-01-13T06:45:09","guid":{"rendered":"http:\/\/ul-train.de\/?page_id=24"},"modified":"2026-01-21T06:21:44","modified_gmt":"2026-01-21T06:21:44","slug":"ul-im-ort","status":"publish","type":"page","link":"https:\/\/ul-train.de\/?page_id=24","title":{"rendered":"UL im Ort"},"content":{"rendered":"\n<h2 class=\"wp-block-heading\"><strong>Was ist die UL?<\/strong><\/h2>\n\n\n\n<p><br> Die UL ist ein Verein, keine Partei \u2013 ein Verein f\u00fcr das Wohl der ganzen Gemeinde. Sie wurde 2002 gegr\u00fcndet mit der Intention, allen B\u00fcrgerinnen und B\u00fcrgern die M\u00f6glichkeit zu er\u00f6ffnen, sich parteiunabh\u00e4ngig f\u00fcr unsere Gemeinde zu engagieren. Mit einer eigenen Liste und unserer B\u00fcrgermeisterkandidatin Tanja Dirscherl wollen wir an der kommenden Kommunalwahl im M\u00e4rz 2026 teilnehmen und auch weiterhin Verantwortung f\u00fcr unsere Gemeinde \u00fcbernehmen.<\/p>\n\n\n\n<h2 class=\"wp-block-heading\"><strong>Welche Ziele hat die UL?<\/strong><\/h2>\n\n\n\n<p><br>Beteiligung der B\u00fcrger am politischen Geschehen in Train Verantwortungsvolle Finanzpolitik in der Gemeinde und den Zweckverb\u00e4nden<br>Ein vertr\u00e4gliches Ortserweiterungskonzept f\u00fcr Gewerbe- und Baugebiete<br>Ausbau unseres Dorfmittelpunkts um die Gemeinde zu beleben und attraktiv zu erhalten<br>Etablieren moderner Kommunikationsmittel zur Information der B\u00fcrger<br>Schaffen und Erhalten von vielf\u00e4ltigen Angeboten f\u00fcr unsere B\u00fcrger, f\u00fcr alle Generationen z.B. durch Unterst\u00fctzung und F\u00f6rderung der Vereine, Musikschule, VHS-Angebote, etc.<\/p>\n\n\n\n<h2 class=\"wp-block-heading\"><br><strong>Die Grunds\u00e4tze der UL<\/strong><\/h2>\n\n\n\n<p><strong>Parteipolitisch unabh\u00e4ngig<\/strong><br> \u2013 wir sind einzig den Interessen der Gemeinde Train verpflichtet und die ist uns wichtig <\/p>\n\n\n\n<p><strong>B\u00fcrgernah<\/strong><br> \u2013 mittendrin im Trainer (Vereins-)leben sind wir direkt pers\u00f6nlich ansprechbar und erfahren Handlungsbedarfe aus erster Hand <\/p>\n\n\n\n<p><strong>Kompetent<\/strong><br> \u2013 wir bilden uns fort und laden regelm\u00e4\u00dfig kundige Referenten ein<br> <\/p>\n\n\n\n<p><strong>Integrierend<\/strong><br> \u2013 wir arbeiten f\u00fcr alle Ortsteile und mit allen Interessierten<br><\/p>\n\n\n\n<p><strong>Zukunftsweisend<\/strong><br> \u2013 wir warten nicht ab, wir werden fr\u00fchzeitig aktiv, um Train bestm\u00f6glich weiterzuentwickeln<\/p>\n","protected":false},"excerpt":{"rendered":"<p>Was ist die UL? Die UL ist ein Verein, keine Partei \u2013 ein Verein f\u00fcr das Wohl der ganzen Gemeinde. Sie wurde 2002 gegr\u00fcndet mit der Intention, allen B\u00fcrgerinnen und B\u00fcrgern die M\u00f6glichkeit zu er\u00f6ffnen, sich parteiunabh\u00e4ngig f\u00fcr unsere Gemeinde zu engagieren. Mit einer eigenen Liste und unserer B\u00fcrgermeisterkandidatin Tanja Dirscherl wollen wir an der kommenden Kommunalwahl im M\u00e4rz 2026 teilnehmen und auch weiterhin Verantwortung f\u00fcr unsere Gemeinde \u00fcbernehmen. Welche Ziele hat die UL? Beteiligung der B\u00fcrger am politischen Geschehen in Train Verantwortungsvolle Finanzpolitik in der Gemeinde und den Zweckverb\u00e4ndenEin vertr\u00e4gliches Ortserweiterungskonzept f\u00fcr Gewerbe- und BaugebieteAusbau unseres Dorfmittelpunkts um die Gemeinde zu beleben und attraktiv zu erhaltenEtablieren moderner Kommunikationsmittel zur Information der B\u00fcrgerSchaffen und Erhalten von vielf\u00e4ltigen Angeboten f\u00fcr unsere B\u00fcrger, f\u00fcr alle Generationen z.B. durch Unterst\u00fctzung und F\u00f6rderung der Vereine, Musikschule, VHS-Angebote, etc. Die Grunds\u00e4tze der UL Parteipolitisch unabh\u00e4ngig \u2013 wir sind einzig den Interessen der Gemeinde Train verpflichtet und die ist uns wichtig B\u00fcrgernah \u2013 mittendrin im Trainer (Vereins-)leben sind wir direkt pers\u00f6nlich ansprechbar und erfahren Handlungsbedarfe aus erster Hand Kompetent \u2013 wir bilden uns fort und laden regelm\u00e4\u00dfig kundige Referenten ein Integrierend \u2013 wir arbeiten f\u00fcr alle Ortsteile und mit allen Interessierten Zukunftsweisend \u2013 wir warten nicht ab, wir werden fr\u00fchzeitig aktiv, um Train bestm\u00f6glich weiterzuentwickeln<\/p>\n","protected":false},"author":1,"featured_media":0,"parent":0,"menu_order":0,"comment_status":"closed","ping_status":"closed","template":"","meta":{"footnotes":""},"class_list":["post-24","page","type-page","status-publish","hentry"],"jetpack_sharing_enabled":true,"_links":{"self":[{"href":"https:\/\/ul-train.de\/index.php?rest_route=\/wp\/v2\/pages\/24","targetHints":{"allow":["GET"]}}],"collection":[{"href":"https:\/\/ul-train.de\/index.php?rest_route=\/wp\/v2\/pages"}],"about":[{"href":"https:\/\/ul-train.de\/index.php?rest_route=\/wp\/v2\/types\/page"}],"author":[{"embeddable":true,"href":"https:\/\/ul-train.de\/index.php?rest_route=\/wp\/v2\/users\/1"}],"replies":[{"embeddable":true,"href":"https:\/\/ul-train.de\/index.php?rest_route=%2Fwp%2Fv2%2Fcomments&post=24"}],"version-history":[{"count":6,"href":"https:\/\/ul-train.de\/index.php?rest_route=\/wp\/v2\/pages\/24\/revisions"}],"predecessor-version":[{"id":245,"href":"https:\/\/ul-train.de\/index.php?rest_route=\/wp\/v2\/pages\/24\/revisions\/245"}],"wp:attachment":[{"href":"https:\/\/ul-train.de\/index.php?rest_route=%2Fwp%2Fv2%2Fmedia&parent=24"}],"curies":[{"name":"wp","href":"https:\/\/api.w.org\/{rel}","templated":true}]}}