{"id":8,"date":"2020-01-13T05:53:34","date_gmt":"2020-01-13T05:53:34","guid":{"rendered":"http:\/\/ul-train.de\/?page_id=8"},"modified":"2022-02-22T13:51:36","modified_gmt":"2022-02-22T13:51:36","slug":"gemeinderaete","status":"publish","type":"page","link":"https:\/\/ul-train.de\/?page_id=8","title":{"rendered":"Amtstr\u00e4ger"},"content":{"rendered":"\n<figure class=\"wp-block-table\"><table class=\"\"><tbody><tr><td class=\"has-text-align-right\" data-align=\"right\"><img loading=\"lazy\" decoding=\"async\" width=\"250\" height=\"313\" class=\"wp-image-144\" style=\"width: 250px;\" src=\"http:\/\/ul-train.de\/wp-content\/uploads\/2020\/02\/Bgm-Gerhard-Zeitler.jpg\" alt=\"Bgm Gerhard Zeitler\" srcset=\"https:\/\/ul-train.de\/wp-content\/uploads\/2020\/02\/Bgm-Gerhard-Zeitler.jpg 472w, https:\/\/ul-train.de\/wp-content\/uploads\/2020\/02\/Bgm-Gerhard-Zeitler-240x300.jpg 240w\" sizes=\"auto, (max-width: 250px) 100vw, 250px\" \/><\/td><td>Erster B\u00fcrgermeister<br>Zeitler Gerhard<br><br>Schulverband<br>Verbandsversammlung der VG<br>Wasserzweckverband<br>Grundst\u00fccks-, Natur- und Bauausschuss<br>Kultur-, Sport- und Vereinsausschuss<\/td><\/tr><tr><td class=\"has-text-align-right\" data-align=\"right\"><img loading=\"lazy\" decoding=\"async\" width=\"250\" height=\"312\" class=\"wp-image-147\" style=\"width: 250px;\" src=\"http:\/\/ul-train.de\/wp-content\/uploads\/2020\/02\/GR-Georg-Niesl.jpg\" alt=\"GR Georg Niesl\" srcset=\"https:\/\/ul-train.de\/wp-content\/uploads\/2020\/02\/GR-Georg-Niesl.jpg 378w, https:\/\/ul-train.de\/wp-content\/uploads\/2020\/02\/GR-Georg-Niesl-240x300.jpg 240w\" sizes=\"auto, (max-width: 250px) 100vw, 250px\" \/><\/td><td>Gemeinderat<br>Niesl Georg<br>Fraktionsvorsitzender<br><br>Rechnungspr\u00fcfungsausschu\u00df<br>Verbandsversammlung der VG<br>Wasserzweckverband<\/td><\/tr><tr><td class=\"has-text-align-right\" data-align=\"right\"><img loading=\"lazy\" decoding=\"async\" width=\"250\" height=\"335\" class=\"wp-image-211\" style=\"width: 250px;\" src=\"https:\/\/ul-train.de\/wp-content\/uploads\/2022\/02\/Tanja.jpg\" alt=\"\" srcset=\"https:\/\/ul-train.de\/wp-content\/uploads\/2022\/02\/Tanja.jpg 573w, https:\/\/ul-train.de\/wp-content\/uploads\/2022\/02\/Tanja-224x300.jpg 224w\" sizes=\"auto, (max-width: 250px) 100vw, 250px\" \/><\/td><td>Gemeinder\u00e4tin<br>Tanja Dirscherl<br><br>Kultur-, Sport- und Vereinsausschuss <\/td><\/tr><tr><td class=\"has-text-align-right\" data-align=\"right\"><img loading=\"lazy\" decoding=\"async\" width=\"250\" height=\"337\" class=\"wp-image-210\" style=\"width: 250px;\" src=\"https:\/\/ul-train.de\/wp-content\/uploads\/2022\/02\/Andi.jpg\" alt=\"\" srcset=\"https:\/\/ul-train.de\/wp-content\/uploads\/2022\/02\/Andi.jpg 312w, https:\/\/ul-train.de\/wp-content\/uploads\/2022\/02\/Andi-223x300.jpg 223w\" sizes=\"auto, (max-width: 250px) 100vw, 250px\" \/><\/td><td>Gemeinderat<br>Andreas Gahr<\/td><\/tr><tr><td class=\"has-text-align-right\" data-align=\"right\"><img loading=\"lazy\" decoding=\"async\" width=\"250\" height=\"312\" class=\"wp-image-149\" style=\"width: 250px;\" src=\"http:\/\/ul-train.de\/wp-content\/uploads\/2020\/02\/GR-Stephan-Schmidt.jpg\" alt=\"GR Stephan Schmidt\" srcset=\"https:\/\/ul-train.de\/wp-content\/uploads\/2020\/02\/GR-Stephan-Schmidt.jpg 378w, https:\/\/ul-train.de\/wp-content\/uploads\/2020\/02\/GR-Stephan-Schmidt-240x300.jpg 240w\" sizes=\"auto, (max-width: 250px) 100vw, 250px\" \/><\/td><td>Gemeinderat <br>Schmidt Stephan<br><br>Rechnunspr\u00fcfungsausschu\u00df<br>Grundst\u00fccks-, Natur- und Bauausschuss <\/td><\/tr><tr><td class=\"has-text-align-right\" data-align=\"right\"><img loading=\"lazy\" decoding=\"async\" width=\"250\" height=\"312\" class=\"wp-image-145\" style=\"width: 250px;\" src=\"http:\/\/ul-train.de\/wp-content\/uploads\/2020\/02\/GR-Albert-Kiermayer.jpg\" alt=\"GR Albert Kiermayer\" srcset=\"https:\/\/ul-train.de\/wp-content\/uploads\/2020\/02\/GR-Albert-Kiermayer.jpg 378w, https:\/\/ul-train.de\/wp-content\/uploads\/2020\/02\/GR-Albert-Kiermayer-240x300.jpg 240w\" sizes=\"auto, (max-width: 250px) 100vw, 250px\" \/><\/td><td>Gemeinderat<br>Kiermayer Albert<br><br>Grundst\u00fccks-, Natur- und Bauausschuss<br>Wasserzweckverband  <\/td><\/tr><\/tbody><\/table><\/figure>\n","protected":false},"excerpt":{"rendered":"<p>Erster B\u00fcrgermeisterZeitler Gerhard SchulverbandVerbandsversammlung der VGWasserzweckverbandGrundst\u00fccks-, Natur- und BauausschussKultur-, Sport- und Vereinsausschuss GemeinderatNiesl GeorgFraktionsvorsitzender Rechnungspr\u00fcfungsausschu\u00dfVerbandsversammlung der VGWasserzweckverband Gemeinder\u00e4tinTanja Dirscherl Kultur-, Sport- und Vereinsausschuss GemeinderatAndreas Gahr Gemeinderat Schmidt Stephan Rechnunspr\u00fcfungsausschu\u00dfGrundst\u00fccks-, Natur- und Bauausschuss GemeinderatKiermayer Albert Grundst\u00fccks-, Natur- und BauausschussWasserzweckverband<\/p>\n","protected":false},"author":1,"featured_media":0,"parent":0,"menu_order":0,"comment_status":"closed","ping_status":"closed","template":"","meta":{"footnotes":""},"class_list":["post-8","page","type-page","status-publish","hentry"],"jetpack_sharing_enabled":true,"_links":{"self":[{"href":"https:\/\/ul-train.de\/index.php?rest_route=\/wp\/v2\/pages\/8","targetHints":{"allow":["GET"]}}],"collection":[{"href":"https:\/\/ul-train.de\/index.php?rest_route=\/wp\/v2\/pages"}],"about":[{"href":"https:\/\/ul-train.de\/index.php?rest_route=\/wp\/v2\/types\/page"}],"author":[{"embeddable":true,"href":"https:\/\/ul-train.de\/index.php?rest_route=\/wp\/v2\/users\/1"}],"replies":[{"embeddable":true,"href":"https:\/\/ul-train.de\/index.php?rest_route=%2Fwp%2Fv2%2Fcomments&post=8"}],"version-history":[{"count":7,"href":"https:\/\/ul-train.de\/index.php?rest_route=\/wp\/v2\/pages\/8\/revisions"}],"predecessor-version":[{"id":213,"href":"https:\/\/ul-train.de\/index.php?rest_route=\/wp\/v2\/pages\/8\/revisions\/213"}],"wp:attachment":[{"href":"https:\/\/ul-train.de\/index.php?rest_route=%2Fwp%2Fv2%2Fmedia&parent=8"}],"curies":[{"name":"wp","href":"https:\/\/api.w.org\/{rel}","templated":true}]}}